{"id":9,"date":"2023-11-15T23:19:44","date_gmt":"2023-11-15T22:19:44","guid":{"rendered":"https:\/\/octo-ball.com\/?page_id=9"},"modified":"2024-11-08T13:25:59","modified_gmt":"2024-11-08T12:25:59","slug":"coming-soon","status":"publish","type":"page","link":"https:\/\/www.octo-ball.com\/","title":{"rendered":""},"content":{"rendered":"<p>&nbsp;<\/p>\n<div data-carousel-extra='{\"blog_id\":1,\"permalink\":\"https:\\\/\\\/www.octo-ball.com\\\/\"}' id='gallery-1' class='gallery galleryid-9 gallery-columns-2 gallery-size-medium'><figure class='gallery-item'>\n\t\t\t<div class='gallery-icon landscape'>\n\t\t\t\t<a href=\"https:\/\/i0.wp.com\/www.octo-ball.com\/wp-content\/uploads\/2024\/10\/2024-10-24-17_12_37-octo-ball-foot-2.pdf-Foxit-PDF-Editor.jpg?ssl=1\"><img loading=\"lazy\" decoding=\"async\" width=\"300\" height=\"240\" src=\"https:\/\/i0.wp.com\/www.octo-ball.com\/wp-content\/uploads\/2024\/10\/2024-10-24-17_12_37-octo-ball-foot-2.pdf-Foxit-PDF-Editor.jpg?fit=300%2C240&amp;ssl=1\" class=\"attachment-medium size-medium\" alt=\"\" srcset=\"https:\/\/i0.wp.com\/www.octo-ball.com\/wp-content\/uploads\/2024\/10\/2024-10-24-17_12_37-octo-ball-foot-2.pdf-Foxit-PDF-Editor.jpg?w=1047&amp;ssl=1 1047w, https:\/\/i0.wp.com\/www.octo-ball.com\/wp-content\/uploads\/2024\/10\/2024-10-24-17_12_37-octo-ball-foot-2.pdf-Foxit-PDF-Editor.jpg?resize=300%2C240&amp;ssl=1 300w, https:\/\/i0.wp.com\/www.octo-ball.com\/wp-content\/uploads\/2024\/10\/2024-10-24-17_12_37-octo-ball-foot-2.pdf-Foxit-PDF-Editor.jpg?resize=1024%2C818&amp;ssl=1 1024w, https:\/\/i0.wp.com\/www.octo-ball.com\/wp-content\/uploads\/2024\/10\/2024-10-24-17_12_37-octo-ball-foot-2.pdf-Foxit-PDF-Editor.jpg?resize=768%2C613&amp;ssl=1 768w\" sizes=\"auto, (max-width: 300px) 100vw, 300px\" data-attachment-id=\"186\" data-permalink=\"https:\/\/www.octo-ball.com\/index.php\/coming-soon\/2024-10-24-17_12_37-octo-ball-foot-2-pdf-foxit-pdf-editor\/\" data-orig-file=\"https:\/\/i0.wp.com\/www.octo-ball.com\/wp-content\/uploads\/2024\/10\/2024-10-24-17_12_37-octo-ball-foot-2.pdf-Foxit-PDF-Editor.jpg?fit=1047%2C836&amp;ssl=1\" data-orig-size=\"1047,836\" data-comments-opened=\"1\" data-image-meta=\"{&quot;aperture&quot;:&quot;0&quot;,&quot;credit&quot;:&quot;&quot;,&quot;camera&quot;:&quot;&quot;,&quot;caption&quot;:&quot;&quot;,&quot;created_timestamp&quot;:&quot;0&quot;,&quot;copyright&quot;:&quot;&quot;,&quot;focal_length&quot;:&quot;0&quot;,&quot;iso&quot;:&quot;0&quot;,&quot;shutter_speed&quot;:&quot;0&quot;,&quot;title&quot;:&quot;&quot;,&quot;orientation&quot;:&quot;0&quot;}\" data-image-title=\"2024-10-24 17_12_37-octo-ball-foot (2).pdf &#8211; Foxit PDF Editor\" data-image-description=\"\" data-image-caption=\"\" data-medium-file=\"https:\/\/i0.wp.com\/www.octo-ball.com\/wp-content\/uploads\/2024\/10\/2024-10-24-17_12_37-octo-ball-foot-2.pdf-Foxit-PDF-Editor.jpg?fit=300%2C240&amp;ssl=1\" data-large-file=\"https:\/\/i0.wp.com\/www.octo-ball.com\/wp-content\/uploads\/2024\/10\/2024-10-24-17_12_37-octo-ball-foot-2.pdf-Foxit-PDF-Editor.jpg?fit=800%2C639&amp;ssl=1\" tabindex=\"0\" role=\"button\" \/><\/a>\n\t\t\t<\/div><\/figure><figure class='gallery-item'>\n\t\t\t<div class='gallery-icon landscape'>\n\t\t\t\t<a href=\"https:\/\/i0.wp.com\/www.octo-ball.com\/wp-content\/uploads\/2024\/10\/2024-10-24-17_13_02-octo-ball-hockey-2.pdf-Foxit-PDF-Editor.jpg?ssl=1\"><img loading=\"lazy\" decoding=\"async\" width=\"300\" height=\"253\" src=\"https:\/\/i0.wp.com\/www.octo-ball.com\/wp-content\/uploads\/2024\/10\/2024-10-24-17_13_02-octo-ball-hockey-2.pdf-Foxit-PDF-Editor.jpg?fit=300%2C253&amp;ssl=1\" class=\"attachment-medium size-medium\" alt=\"\" srcset=\"https:\/\/i0.wp.com\/www.octo-ball.com\/wp-content\/uploads\/2024\/10\/2024-10-24-17_13_02-octo-ball-hockey-2.pdf-Foxit-PDF-Editor.jpg?w=995&amp;ssl=1 995w, https:\/\/i0.wp.com\/www.octo-ball.com\/wp-content\/uploads\/2024\/10\/2024-10-24-17_13_02-octo-ball-hockey-2.pdf-Foxit-PDF-Editor.jpg?resize=300%2C253&amp;ssl=1 300w, https:\/\/i0.wp.com\/www.octo-ball.com\/wp-content\/uploads\/2024\/10\/2024-10-24-17_13_02-octo-ball-hockey-2.pdf-Foxit-PDF-Editor.jpg?resize=768%2C648&amp;ssl=1 768w\" sizes=\"auto, (max-width: 300px) 100vw, 300px\" data-attachment-id=\"187\" data-permalink=\"https:\/\/www.octo-ball.com\/index.php\/coming-soon\/2024-10-24-17_13_02-octo-ball-hockey-2-pdf-foxit-pdf-editor\/\" data-orig-file=\"https:\/\/i0.wp.com\/www.octo-ball.com\/wp-content\/uploads\/2024\/10\/2024-10-24-17_13_02-octo-ball-hockey-2.pdf-Foxit-PDF-Editor.jpg?fit=995%2C840&amp;ssl=1\" data-orig-size=\"995,840\" data-comments-opened=\"1\" data-image-meta=\"{&quot;aperture&quot;:&quot;0&quot;,&quot;credit&quot;:&quot;&quot;,&quot;camera&quot;:&quot;&quot;,&quot;caption&quot;:&quot;&quot;,&quot;created_timestamp&quot;:&quot;0&quot;,&quot;copyright&quot;:&quot;&quot;,&quot;focal_length&quot;:&quot;0&quot;,&quot;iso&quot;:&quot;0&quot;,&quot;shutter_speed&quot;:&quot;0&quot;,&quot;title&quot;:&quot;&quot;,&quot;orientation&quot;:&quot;0&quot;}\" data-image-title=\"2024-10-24 17_13_02-octo-ball-hockey (2).pdf &#8211; Foxit PDF Editor\" data-image-description=\"\" data-image-caption=\"\" data-medium-file=\"https:\/\/i0.wp.com\/www.octo-ball.com\/wp-content\/uploads\/2024\/10\/2024-10-24-17_13_02-octo-ball-hockey-2.pdf-Foxit-PDF-Editor.jpg?fit=300%2C253&amp;ssl=1\" data-large-file=\"https:\/\/i0.wp.com\/www.octo-ball.com\/wp-content\/uploads\/2024\/10\/2024-10-24-17_13_02-octo-ball-hockey-2.pdf-Foxit-PDF-Editor.jpg?fit=800%2C675&amp;ssl=1\" tabindex=\"0\" role=\"button\" \/><\/a>\n\t\t\t<\/div><\/figure>\n\t\t<\/div>\n\n<h1 style=\"text-align: center;\">Octoball, Petits terrains pour Grandes Rencontres!<\/h1>\n<p>&nbsp;<\/p>\n<p>L\u2019Octoball est un sport r\u00e9volutionnaire qui red\u00e9finit les r\u00e8gles du jeu. Sur un terrain octogonal, l\u2019Octoball combine strat\u00e9gie, rapidit\u00e9 et intensit\u00e9 pour offrir une exp\u00e9rience unique aux joueurs et aux spectateurs. Ce nouveau format de jeu promet de transformer le paysage sportif mondial gr\u00e2ce \u00e0 des comp\u00e9titions de courte dur\u00e9e, intenses et captivantes.<\/p>\n<p><a href=\"https:\/\/i0.wp.com\/octo-ball.com\/wp-content\/uploads\/2024\/10\/2024-10-22-19_31_35-Bordeaux-Sportive-_-\ud83d\udd25\ud83c\udfd1Le-relais-collectif-de-hockey-sur-gazon-au-Miroir-deau-.jpg\"><img data-recalc-dims=\"1\" loading=\"lazy\" decoding=\"async\" data-attachment-id=\"104\" data-permalink=\"https:\/\/www.octo-ball.com\/index.php\/coming-soon\/2024-10-22-19_31_35-bordeaux-sportive-_-%f0%9f%94%a5%f0%9f%8f%91le-relais-collectif-de-hockey-sur-gazon-au-miroir-deau\/\" data-orig-file=\"https:\/\/i0.wp.com\/www.octo-ball.com\/wp-content\/uploads\/2024\/10\/2024-10-22-19_31_35-Bordeaux-Sportive-_-\ud83d\udd25\ud83c\udfd1Le-relais-collectif-de-hockey-sur-gazon-au-Miroir-deau-.jpg?fit=753%2C751&amp;ssl=1\" data-orig-size=\"753,751\" data-comments-opened=\"1\" data-image-meta=\"{&quot;aperture&quot;:&quot;0&quot;,&quot;credit&quot;:&quot;&quot;,&quot;camera&quot;:&quot;&quot;,&quot;caption&quot;:&quot;&quot;,&quot;created_timestamp&quot;:&quot;0&quot;,&quot;copyright&quot;:&quot;&quot;,&quot;focal_length&quot;:&quot;0&quot;,&quot;iso&quot;:&quot;0&quot;,&quot;shutter_speed&quot;:&quot;0&quot;,&quot;title&quot;:&quot;&quot;,&quot;orientation&quot;:&quot;0&quot;}\" data-image-title=\"2024-10-22 19_31_35-Bordeaux Sportive _ \ud83d\udd25\ud83c\udfd1Le relais collectif de hockey sur gazon au Miroir d\u2019eau\" data-image-description=\"\" data-image-caption=\"\" data-medium-file=\"https:\/\/i0.wp.com\/www.octo-ball.com\/wp-content\/uploads\/2024\/10\/2024-10-22-19_31_35-Bordeaux-Sportive-_-\ud83d\udd25\ud83c\udfd1Le-relais-collectif-de-hockey-sur-gazon-au-Miroir-deau-.jpg?fit=300%2C300&amp;ssl=1\" data-large-file=\"https:\/\/i0.wp.com\/www.octo-ball.com\/wp-content\/uploads\/2024\/10\/2024-10-22-19_31_35-Bordeaux-Sportive-_-\ud83d\udd25\ud83c\udfd1Le-relais-collectif-de-hockey-sur-gazon-au-Miroir-deau-.jpg?fit=753%2C751&amp;ssl=1\" tabindex=\"0\" role=\"button\" class=\"aligncenter size-full wp-image-104\" src=\"https:\/\/i0.wp.com\/octo-ball.com\/wp-content\/uploads\/2024\/10\/2024-10-22-19_31_35-Bordeaux-Sportive-_-\ud83d\udd25\ud83c\udfd1Le-relais-collectif-de-hockey-sur-gazon-au-Miroir-deau-.jpg?resize=753%2C751\" alt=\"\" width=\"753\" height=\"751\" srcset=\"https:\/\/i0.wp.com\/www.octo-ball.com\/wp-content\/uploads\/2024\/10\/2024-10-22-19_31_35-Bordeaux-Sportive-_-\ud83d\udd25\ud83c\udfd1Le-relais-collectif-de-hockey-sur-gazon-au-Miroir-deau-.jpg?w=753&amp;ssl=1 753w, https:\/\/i0.wp.com\/www.octo-ball.com\/wp-content\/uploads\/2024\/10\/2024-10-22-19_31_35-Bordeaux-Sportive-_-\ud83d\udd25\ud83c\udfd1Le-relais-collectif-de-hockey-sur-gazon-au-Miroir-deau-.jpg?resize=300%2C300&amp;ssl=1 300w, https:\/\/i0.wp.com\/www.octo-ball.com\/wp-content\/uploads\/2024\/10\/2024-10-22-19_31_35-Bordeaux-Sportive-_-\ud83d\udd25\ud83c\udfd1Le-relais-collectif-de-hockey-sur-gazon-au-Miroir-deau-.jpg?resize=150%2C150&amp;ssl=1 150w, https:\/\/i0.wp.com\/www.octo-ball.com\/wp-content\/uploads\/2024\/10\/2024-10-22-19_31_35-Bordeaux-Sportive-_-\ud83d\udd25\ud83c\udfd1Le-relais-collectif-de-hockey-sur-gazon-au-Miroir-deau-.jpg?resize=400%2C400&amp;ssl=1 400w\" sizes=\"auto, (max-width: 753px) 100vw, 753px\" \/><\/a><\/p>\n<p>Nos terrains uniques, d\u00e9pos\u00e9s et con\u00e7us en France par <a href=\"https:\/\/play-sports.biz\/\"><strong>Play Sports,<\/strong><\/a> ont \u00e9t\u00e9 con\u00e7us pour favoriser un d\u00e9veloppement moteur et cognitif global, tout en encourageant la participation active de tous les joueurs.<\/p>\n<p>L&#8217;Octoball\u00ae vise \u00e0 am\u00e9liorer les comp\u00e9tences indispensables \u00e0 la pratique d&#8217;un sport. Il stimue la technique, la coordination, la r\u00e9flexion, la coop\u00e9ration et la cr\u00e9ativit\u00e9. Il offre \u00e9galement la possibilit\u00e9 aux athl\u00e8tes et aux jeunes de d\u00e9velopper, de mani\u00e8re inconsciente, les aptitudes et les automatismes sportifs tels que la transition attaque-d\u00e9fense, le jeu de deuxi\u00e8me intention, le positionnement, l\u2019orientation dans l\u2019espace et l\u2019\u00e9laboration de nouvelles strat\u00e9gies.<\/p>\n<h2>Des terrains d\u00e9montables!<\/h2>\n<p>Ses contours incassables et ses buts pliables d\u2019une longueur de 1m20 vous facilitent le montage et le transport.\u00a0Ils ont la grande particularit\u00e9 d\u2019\u00eatre multifonctionnels, modulables, faciles \u00e0 transporter et \u00e0 installer.<\/p>\n<p>Les mat\u00e9riaux, le poids et la taille ont \u00e9t\u00e9 soigneusement s\u00e9lectionn\u00e9s pour garantir une utilisation optimale et maximiser la qualit\u00e9 du rebond.<\/p>\n<div dir=\"auto\">\n<div style=\"width: 800px;\" class=\"wp-video\"><!--[if lt IE 9]><script>document.createElement('video');<\/script><![endif]-->\n<video class=\"wp-video-shortcode\" id=\"video-9-1\" width=\"800\" height=\"400\" preload=\"metadata\" controls=\"controls\"><source type=\"video\/mp4\" src=\"http:\/\/octo-ball.com\/wp-content\/uploads\/2024\/10\/telegram_video.mp4?_=1\" \/><a href=\"http:\/\/octo-ball.com\/wp-content\/uploads\/2024\/10\/telegram_video.mp4\">http:\/\/octo-ball.com\/wp-content\/uploads\/2024\/10\/telegram_video.mp4<\/a><\/video><\/div>\n<h1 style=\"text-align: center;\"><span style=\"color: #33cccc;\">Ce jeu s\u2019adresse \u00e0 tous \u00e0 partir de 4 ans !<\/span><\/h1>\n<blockquote>\n<h1 style=\"text-align: center;\">Le cr\u00e9ateur &#8211; Nicolas Fabre<\/h1>\n<\/blockquote>\n<p>Nicolas Fabre est un joueur de rugby qui a commenc\u00e9 \u00e0 jouer \u00e0 l\u2019\u00e2ge de 16 ans au R.C. Brignoles dans le Var, en France. Il s\u2019est form\u00e9 au R.C.H \u00e0 Hy\u00e8res et a \u00e9t\u00e9 s\u00e9lectionn\u00e9 pendant trois ans pour la r\u00e9gion PACA.<\/p>\n<p>Apr\u00e8s avoir int\u00e9gr\u00e9 le centre de formation du R.C.N.M \u00e0 Narbonne, alors qu\u2019il r\u00e9alisait son r\u00eave en int\u00e9grant l\u2019\u00e9quipe premi\u00e8re, il a \u00e9t\u00e9 hospitalis\u00e9 et contraint de rester en fauteuil roulant, puis de se reposer pendant 1 an en raison d\u2019une blessure \u00e0 l\u2019entra\u00eenement.<br \/>\n\u00c0 la suite de cela, il a entam\u00e9 un long parcours de r\u00e9\u00e9ducation en passant par le CERS et a jou\u00e9 dans plusieurs clubs en France. En rejoignant l\u2019A.J.R.A cr\u00e9\u00e9 par Morad Kellal, il a particip\u00e9 aux premiers matchs de l\u2019histoire de la s\u00e9lection d\u2019Alg\u00e9rie et a contribu\u00e9 au d\u00e9veloppement du rugby en Alg\u00e9rie en tant que formateur.<\/p>\n<p>En 2015, il a \u00e9t\u00e9 pr\u00e9sident du Rugby Club Centre Var pendant deux ans.<\/p>\n<p>Ses voyages professionnels lui ont permis de d\u00e9couvrir de nombreux pays en Europe, en Am\u00e9rique du Nord et en Afrique.<\/p>\n<p>En plus de sa carri\u00e8re de joueur, il a travaill\u00e9 comme journaliste et a obtenu ses dipl\u00f4mes d\u2019\u00c9ducateur et d\u2019Entra\u00eeneur.<\/p>\n<\/div>\n<blockquote>\n<h1 style=\"text-align: center;\"><\/h1>\n<\/blockquote>\n<p>&nbsp;<\/p>\n","protected":false},"excerpt":{"rendered":"<p>&nbsp; Octoball, Petits terrains pour Grandes Rencontres! &nbsp; L\u2019Octoball est un sport r\u00e9volutionnaire qui red\u00e9finit les r\u00e8gles du jeu. Sur un terrain octogonal, l\u2019Octoball combine [&#8230;]<\/p>\n","protected":false},"author":1,"featured_media":0,"parent":0,"menu_order":0,"comment_status":"closed","ping_status":"closed","template":"","meta":{"footnotes":""},"class_list":["post-9","page","type-page","status-publish","hentry"],"jetpack_sharing_enabled":true,"_links":{"self":[{"href":"https:\/\/www.octo-ball.com\/index.php\/wp-json\/wp\/v2\/pages\/9","targetHints":{"allow":["GET"]}}],"collection":[{"href":"https:\/\/www.octo-ball.com\/index.php\/wp-json\/wp\/v2\/pages"}],"about":[{"href":"https:\/\/www.octo-ball.com\/index.php\/wp-json\/wp\/v2\/types\/page"}],"author":[{"embeddable":true,"href":"https:\/\/www.octo-ball.com\/index.php\/wp-json\/wp\/v2\/users\/1"}],"replies":[{"embeddable":true,"href":"https:\/\/www.octo-ball.com\/index.php\/wp-json\/wp\/v2\/comments?post=9"}],"version-history":[{"count":47,"href":"https:\/\/www.octo-ball.com\/index.php\/wp-json\/wp\/v2\/pages\/9\/revisions"}],"predecessor-version":[{"id":270,"href":"https:\/\/www.octo-ball.com\/index.php\/wp-json\/wp\/v2\/pages\/9\/revisions\/270"}],"wp:attachment":[{"href":"https:\/\/www.octo-ball.com\/index.php\/wp-json\/wp\/v2\/media?parent=9"}],"curies":[{"name":"wp","href":"https:\/\/api.w.org\/{rel}","templated":true}]}}