{"id":44,"date":"2024-10-22T21:31:02","date_gmt":"2024-10-22T19:31:02","guid":{"rendered":"https:\/\/octo-ball.com\/?page_id=44"},"modified":"2024-10-25T11:44:19","modified_gmt":"2024-10-25T09:44:19","slug":"hockey","status":"publish","type":"page","link":"https:\/\/www.octo-ball.com\/index.php\/hockey\/","title":{"rendered":"Octoball &#8211; Hockey"},"content":{"rendered":"<p>&nbsp;<\/p>\n<h2 style=\"text-align: center;\">Fournisseur Officiel de la F\u00e9d\u00e9ration Fran\u00e7aise Hockey<\/h2>\n<p>&nbsp;<\/p>\n<p style=\"text-align: center;\"><a href=\"https:\/\/i0.wp.com\/octo-ball.com\/wp-content\/uploads\/2024\/10\/9b1f5256-9473-4e70-82ec-59a2ab509b2b.jpeg\"><img data-recalc-dims=\"1\" loading=\"lazy\" decoding=\"async\" data-attachment-id=\"153\" data-permalink=\"https:\/\/www.octo-ball.com\/index.php\/federations\/9b1f5256-9473-4e70-82ec-59a2ab509b2b\/\" data-orig-file=\"https:\/\/i0.wp.com\/www.octo-ball.com\/wp-content\/uploads\/2024\/10\/9b1f5256-9473-4e70-82ec-59a2ab509b2b.jpeg?fit=1080%2C1080&amp;ssl=1\" data-orig-size=\"1080,1080\" data-comments-opened=\"1\" data-image-meta=\"{&quot;aperture&quot;:&quot;0&quot;,&quot;credit&quot;:&quot;&quot;,&quot;camera&quot;:&quot;&quot;,&quot;caption&quot;:&quot;&quot;,&quot;created_timestamp&quot;:&quot;0&quot;,&quot;copyright&quot;:&quot;&quot;,&quot;focal_length&quot;:&quot;0&quot;,&quot;iso&quot;:&quot;0&quot;,&quot;shutter_speed&quot;:&quot;0&quot;,&quot;title&quot;:&quot;&quot;,&quot;orientation&quot;:&quot;0&quot;}\" data-image-title=\"9b1f5256-9473-4e70-82ec-59a2ab509b2b\" data-image-description=\"\" data-image-caption=\"\" data-medium-file=\"https:\/\/i0.wp.com\/www.octo-ball.com\/wp-content\/uploads\/2024\/10\/9b1f5256-9473-4e70-82ec-59a2ab509b2b.jpeg?fit=300%2C300&amp;ssl=1\" data-large-file=\"https:\/\/i0.wp.com\/www.octo-ball.com\/wp-content\/uploads\/2024\/10\/9b1f5256-9473-4e70-82ec-59a2ab509b2b.jpeg?fit=800%2C800&amp;ssl=1\" tabindex=\"0\" role=\"button\" class=\"aligncenter wp-image-153 size-medium\" src=\"https:\/\/i0.wp.com\/octo-ball.com\/wp-content\/uploads\/2024\/10\/9b1f5256-9473-4e70-82ec-59a2ab509b2b-300x300.jpeg?resize=300%2C300\" alt=\"\" width=\"300\" height=\"300\" srcset=\"https:\/\/i0.wp.com\/www.octo-ball.com\/wp-content\/uploads\/2024\/10\/9b1f5256-9473-4e70-82ec-59a2ab509b2b.jpeg?resize=300%2C300&amp;ssl=1 300w, https:\/\/i0.wp.com\/www.octo-ball.com\/wp-content\/uploads\/2024\/10\/9b1f5256-9473-4e70-82ec-59a2ab509b2b.jpeg?resize=1024%2C1024&amp;ssl=1 1024w, https:\/\/i0.wp.com\/www.octo-ball.com\/wp-content\/uploads\/2024\/10\/9b1f5256-9473-4e70-82ec-59a2ab509b2b.jpeg?resize=150%2C150&amp;ssl=1 150w, https:\/\/i0.wp.com\/www.octo-ball.com\/wp-content\/uploads\/2024\/10\/9b1f5256-9473-4e70-82ec-59a2ab509b2b.jpeg?resize=768%2C768&amp;ssl=1 768w, https:\/\/i0.wp.com\/www.octo-ball.com\/wp-content\/uploads\/2024\/10\/9b1f5256-9473-4e70-82ec-59a2ab509b2b.jpeg?resize=400%2C400&amp;ssl=1 400w, https:\/\/i0.wp.com\/www.octo-ball.com\/wp-content\/uploads\/2024\/10\/9b1f5256-9473-4e70-82ec-59a2ab509b2b.jpeg?w=1080&amp;ssl=1 1080w\" sizes=\"auto, (max-width: 300px) 100vw, 300px\" \/><\/a><\/p>\n<figure id=\"attachment_73\" aria-describedby=\"caption-attachment-73\" style=\"width: 800px\" class=\"wp-caption aligncenter\"><a href=\"https:\/\/i0.wp.com\/octo-ball.com\/wp-content\/uploads\/2024\/10\/7450229e-c28a-4c08-a4c9-ceed5243fc65.jpeg\"><img data-recalc-dims=\"1\" loading=\"lazy\" decoding=\"async\" data-attachment-id=\"73\" data-permalink=\"https:\/\/www.octo-ball.com\/index.php\/hockey\/7450229e-c28a-4c08-a4c9-ceed5243fc65\/\" data-orig-file=\"https:\/\/i0.wp.com\/www.octo-ball.com\/wp-content\/uploads\/2024\/10\/7450229e-c28a-4c08-a4c9-ceed5243fc65.jpeg?fit=1600%2C1059&amp;ssl=1\" data-orig-size=\"1600,1059\" data-comments-opened=\"1\" data-image-meta=\"{&quot;aperture&quot;:&quot;0&quot;,&quot;credit&quot;:&quot;&quot;,&quot;camera&quot;:&quot;&quot;,&quot;caption&quot;:&quot;&quot;,&quot;created_timestamp&quot;:&quot;0&quot;,&quot;copyright&quot;:&quot;&quot;,&quot;focal_length&quot;:&quot;0&quot;,&quot;iso&quot;:&quot;0&quot;,&quot;shutter_speed&quot;:&quot;0&quot;,&quot;title&quot;:&quot;&quot;,&quot;orientation&quot;:&quot;0&quot;}\" data-image-title=\"7450229e-c28a-4c08-a4c9-ceed5243fc65\" data-image-description=\"\" data-image-caption=\"\" data-medium-file=\"https:\/\/i0.wp.com\/www.octo-ball.com\/wp-content\/uploads\/2024\/10\/7450229e-c28a-4c08-a4c9-ceed5243fc65.jpeg?fit=300%2C199&amp;ssl=1\" data-large-file=\"https:\/\/i0.wp.com\/www.octo-ball.com\/wp-content\/uploads\/2024\/10\/7450229e-c28a-4c08-a4c9-ceed5243fc65.jpeg?fit=800%2C530&amp;ssl=1\" tabindex=\"0\" role=\"button\" class=\"wp-image-73 size-large\" src=\"https:\/\/i0.wp.com\/octo-ball.com\/wp-content\/uploads\/2024\/10\/7450229e-c28a-4c08-a4c9-ceed5243fc65-1024x678.jpeg?resize=800%2C530\" alt=\"\" width=\"800\" height=\"530\" srcset=\"https:\/\/i0.wp.com\/www.octo-ball.com\/wp-content\/uploads\/2024\/10\/7450229e-c28a-4c08-a4c9-ceed5243fc65.jpeg?resize=1024%2C678&amp;ssl=1 1024w, https:\/\/i0.wp.com\/www.octo-ball.com\/wp-content\/uploads\/2024\/10\/7450229e-c28a-4c08-a4c9-ceed5243fc65.jpeg?resize=300%2C199&amp;ssl=1 300w, https:\/\/i0.wp.com\/www.octo-ball.com\/wp-content\/uploads\/2024\/10\/7450229e-c28a-4c08-a4c9-ceed5243fc65.jpeg?resize=768%2C508&amp;ssl=1 768w, https:\/\/i0.wp.com\/www.octo-ball.com\/wp-content\/uploads\/2024\/10\/7450229e-c28a-4c08-a4c9-ceed5243fc65.jpeg?resize=1536%2C1017&amp;ssl=1 1536w, https:\/\/i0.wp.com\/www.octo-ball.com\/wp-content\/uploads\/2024\/10\/7450229e-c28a-4c08-a4c9-ceed5243fc65.jpeg?w=1600&amp;ssl=1 1600w\" sizes=\"auto, (max-width: 800px) 100vw, 800px\" \/><\/a><figcaption id=\"caption-attachment-73\" class=\"wp-caption-text\"><em><strong>Cr\u00e9dit photo FFH 2024 : village Animation Olympique Paris 2024 de la FFH au stade Yves Dumanoir<\/strong><\/em><\/figcaption><\/figure>\n<p>&nbsp;<\/p>\n<p style=\"text-align: center;\"><a href=\"https:\/\/i0.wp.com\/octo-ball.com\/wp-content\/uploads\/2024\/10\/2024-10-24-17_13_02-octo-ball-hockey-2.pdf-Foxit-PDF-Editor.jpg\"><img data-recalc-dims=\"1\" loading=\"lazy\" decoding=\"async\" data-attachment-id=\"187\" data-permalink=\"https:\/\/www.octo-ball.com\/index.php\/coming-soon\/2024-10-24-17_13_02-octo-ball-hockey-2-pdf-foxit-pdf-editor\/\" data-orig-file=\"https:\/\/i0.wp.com\/www.octo-ball.com\/wp-content\/uploads\/2024\/10\/2024-10-24-17_13_02-octo-ball-hockey-2.pdf-Foxit-PDF-Editor.jpg?fit=995%2C840&amp;ssl=1\" data-orig-size=\"995,840\" data-comments-opened=\"1\" data-image-meta=\"{&quot;aperture&quot;:&quot;0&quot;,&quot;credit&quot;:&quot;&quot;,&quot;camera&quot;:&quot;&quot;,&quot;caption&quot;:&quot;&quot;,&quot;created_timestamp&quot;:&quot;0&quot;,&quot;copyright&quot;:&quot;&quot;,&quot;focal_length&quot;:&quot;0&quot;,&quot;iso&quot;:&quot;0&quot;,&quot;shutter_speed&quot;:&quot;0&quot;,&quot;title&quot;:&quot;&quot;,&quot;orientation&quot;:&quot;0&quot;}\" data-image-title=\"2024-10-24 17_13_02-octo-ball-hockey (2).pdf &#8211; Foxit PDF Editor\" data-image-description=\"\" data-image-caption=\"\" data-medium-file=\"https:\/\/i0.wp.com\/www.octo-ball.com\/wp-content\/uploads\/2024\/10\/2024-10-24-17_13_02-octo-ball-hockey-2.pdf-Foxit-PDF-Editor.jpg?fit=300%2C253&amp;ssl=1\" data-large-file=\"https:\/\/i0.wp.com\/www.octo-ball.com\/wp-content\/uploads\/2024\/10\/2024-10-24-17_13_02-octo-ball-hockey-2.pdf-Foxit-PDF-Editor.jpg?fit=800%2C675&amp;ssl=1\" tabindex=\"0\" role=\"button\" class=\"aligncenter size-full wp-image-187\" src=\"https:\/\/i0.wp.com\/octo-ball.com\/wp-content\/uploads\/2024\/10\/2024-10-24-17_13_02-octo-ball-hockey-2.pdf-Foxit-PDF-Editor.jpg?resize=800%2C675\" alt=\"\" width=\"800\" height=\"675\" srcset=\"https:\/\/i0.wp.com\/www.octo-ball.com\/wp-content\/uploads\/2024\/10\/2024-10-24-17_13_02-octo-ball-hockey-2.pdf-Foxit-PDF-Editor.jpg?w=995&amp;ssl=1 995w, https:\/\/i0.wp.com\/www.octo-ball.com\/wp-content\/uploads\/2024\/10\/2024-10-24-17_13_02-octo-ball-hockey-2.pdf-Foxit-PDF-Editor.jpg?resize=300%2C253&amp;ssl=1 300w, https:\/\/i0.wp.com\/www.octo-ball.com\/wp-content\/uploads\/2024\/10\/2024-10-24-17_13_02-octo-ball-hockey-2.pdf-Foxit-PDF-Editor.jpg?resize=768%2C648&amp;ssl=1 768w\" sizes=\"auto, (max-width: 800px) 100vw, 800px\" \/><\/a><\/p>\n","protected":false},"excerpt":{"rendered":"<p>&nbsp; Fournisseur Officiel de la F\u00e9d\u00e9ration Fran\u00e7aise Hockey &nbsp; &nbsp;<\/p>\n","protected":false},"author":1,"featured_media":0,"parent":0,"menu_order":0,"comment_status":"closed","ping_status":"closed","template":"","meta":{"footnotes":""},"class_list":["post-44","page","type-page","status-publish","hentry"],"jetpack_sharing_enabled":true,"_links":{"self":[{"href":"https:\/\/www.octo-ball.com\/index.php\/wp-json\/wp\/v2\/pages\/44","targetHints":{"allow":["GET"]}}],"collection":[{"href":"https:\/\/www.octo-ball.com\/index.php\/wp-json\/wp\/v2\/pages"}],"about":[{"href":"https:\/\/www.octo-ball.com\/index.php\/wp-json\/wp\/v2\/types\/page"}],"author":[{"embeddable":true,"href":"https:\/\/www.octo-ball.com\/index.php\/wp-json\/wp\/v2\/users\/1"}],"replies":[{"embeddable":true,"href":"https:\/\/www.octo-ball.com\/index.php\/wp-json\/wp\/v2\/comments?post=44"}],"version-history":[{"count":23,"href":"https:\/\/www.octo-ball.com\/index.php\/wp-json\/wp\/v2\/pages\/44\/revisions"}],"predecessor-version":[{"id":206,"href":"https:\/\/www.octo-ball.com\/index.php\/wp-json\/wp\/v2\/pages\/44\/revisions\/206"}],"wp:attachment":[{"href":"https:\/\/www.octo-ball.com\/index.php\/wp-json\/wp\/v2\/media?parent=44"}],"curies":[{"name":"wp","href":"https:\/\/api.w.org\/{rel}","templated":true}]}}