{"id":42,"date":"2024-10-22T21:30:51","date_gmt":"2024-10-22T19:30:51","guid":{"rendered":"https:\/\/octo-ball.com\/?page_id=42"},"modified":"2024-12-18T09:26:05","modified_gmt":"2024-12-18T08:26:05","slug":"football","status":"publish","type":"page","link":"https:\/\/www.octo-ball.com\/index.php\/football\/","title":{"rendered":"Octoball &#8211; Football"},"content":{"rendered":"<p><a href=\"https:\/\/i0.wp.com\/octo-ball.com\/wp-content\/uploads\/2024\/10\/3d9bbd35-4d8c-4f83-9f67-7ca09d89057b.jpeg\"><img data-recalc-dims=\"1\" loading=\"lazy\" decoding=\"async\" data-attachment-id=\"184\" data-permalink=\"https:\/\/www.octo-ball.com\/index.php\/football\/3d9bbd35-4d8c-4f83-9f67-7ca09d89057b\/\" data-orig-file=\"https:\/\/i0.wp.com\/www.octo-ball.com\/wp-content\/uploads\/2024\/10\/3d9bbd35-4d8c-4f83-9f67-7ca09d89057b.jpeg?fit=1134%2C1600&amp;ssl=1\" data-orig-size=\"1134,1600\" data-comments-opened=\"1\" data-image-meta=\"{&quot;aperture&quot;:&quot;0&quot;,&quot;credit&quot;:&quot;&quot;,&quot;camera&quot;:&quot;&quot;,&quot;caption&quot;:&quot;&quot;,&quot;created_timestamp&quot;:&quot;0&quot;,&quot;copyright&quot;:&quot;&quot;,&quot;focal_length&quot;:&quot;0&quot;,&quot;iso&quot;:&quot;0&quot;,&quot;shutter_speed&quot;:&quot;0&quot;,&quot;title&quot;:&quot;&quot;,&quot;orientation&quot;:&quot;0&quot;}\" data-image-title=\"3d9bbd35-4d8c-4f83-9f67-7ca09d89057b\" data-image-description=\"\" data-image-caption=\"\" data-medium-file=\"https:\/\/i0.wp.com\/www.octo-ball.com\/wp-content\/uploads\/2024\/10\/3d9bbd35-4d8c-4f83-9f67-7ca09d89057b.jpeg?fit=213%2C300&amp;ssl=1\" data-large-file=\"https:\/\/i0.wp.com\/www.octo-ball.com\/wp-content\/uploads\/2024\/10\/3d9bbd35-4d8c-4f83-9f67-7ca09d89057b.jpeg?fit=726%2C1024&amp;ssl=1\" tabindex=\"0\" role=\"button\" class=\"aligncenter size-large wp-image-184\" src=\"https:\/\/i0.wp.com\/octo-ball.com\/wp-content\/uploads\/2024\/10\/3d9bbd35-4d8c-4f83-9f67-7ca09d89057b-726x1024.jpeg?resize=726%2C1024\" alt=\"\" width=\"726\" height=\"1024\" srcset=\"https:\/\/i0.wp.com\/www.octo-ball.com\/wp-content\/uploads\/2024\/10\/3d9bbd35-4d8c-4f83-9f67-7ca09d89057b.jpeg?resize=726%2C1024&amp;ssl=1 726w, https:\/\/i0.wp.com\/www.octo-ball.com\/wp-content\/uploads\/2024\/10\/3d9bbd35-4d8c-4f83-9f67-7ca09d89057b.jpeg?resize=213%2C300&amp;ssl=1 213w, https:\/\/i0.wp.com\/www.octo-ball.com\/wp-content\/uploads\/2024\/10\/3d9bbd35-4d8c-4f83-9f67-7ca09d89057b.jpeg?resize=768%2C1084&amp;ssl=1 768w, https:\/\/i0.wp.com\/www.octo-ball.com\/wp-content\/uploads\/2024\/10\/3d9bbd35-4d8c-4f83-9f67-7ca09d89057b.jpeg?resize=1089%2C1536&amp;ssl=1 1089w, https:\/\/i0.wp.com\/www.octo-ball.com\/wp-content\/uploads\/2024\/10\/3d9bbd35-4d8c-4f83-9f67-7ca09d89057b.jpeg?w=1134&amp;ssl=1 1134w\" sizes=\"auto, (max-width: 726px) 100vw, 726px\" \/><\/a><\/p>\n<h1 style=\"text-align: center;\"><strong>Les R\u00e8gles des comp\u00e9titions<\/strong><\/h1>\n<h1 style=\"text-align: left;\">1. &#8220;Match&#8221;<\/h1>\n<blockquote>\n<p style=\"text-align: left;\">* Dur\u00e9e des matchs : 3 rounds de 2 minutes chacun.<br \/>\n* Victoire instantan\u00e9e : Un petit pont (passage du ballon entre les jambes de l\u2019adversaire) entra\u00eene un KO et une victoire imm\u00e9diate du round.<\/p>\n<\/blockquote>\n<p>&#8211; L\u2019arbitre effectue un toss pour savoir qui re\u00e7oit le ballon en premier<br \/>\n&#8211; Au d\u00e9but de chaque round, l\u2019engagement se fait devant son but, le ballon doit \u00eatre plac\u00e9 au sol et l&#8217;\u00e9quipe adverse se positionne devant son but.<br \/>\n&#8211; Apr\u00e8s un but marqu\u00e9, l\u2019engagement se fait au plus vite. L\u2019\u00e9quipe qui a encaiss\u00e9 le but pose le ballon au sol devant son but et effectue une passe \u00e0 l\u2019\u00e9quipe adverse.<\/p>\n<p><strong>Remise en jeu:<\/strong><br \/>\n&#8211; Une remise en jeu est siffl\u00e9e si le ballon rebondit sur le rebord du terrain et sort.<\/p>\n<p><strong>Fin du match:<\/strong><br \/>\n&#8211; Le match se termine lorsqu\u2019une \u00e9quipe gagne deux rounds.<\/p>\n<p><strong>Sanctions :<\/strong><br \/>\n* 1 faute grave ou volontaire = 1 avertissement.<br \/>\n* 2 avertissements = 1 but pour l\u2019\u00e9quipe adverse.<\/p>\n<h2>2. \u00ab Petit pont \u00bb<\/h2>\n<blockquote><p>* Dur\u00e9e des matchs : 3 rounds de 2 minutes chacun.<br \/>\n* Victoire instantan\u00e9e du match : Un petit pont (passage du ballon entre les jambes volontaire de l\u2019adversaire) entra\u00eene un KO et une victoire imm\u00e9diate du match.<\/p><\/blockquote>\n<p>&#8211; L\u2019arbitre effectue un toss pour savoir qui re\u00e7oit le ballon en premier<br \/>\n&#8211; Au d\u00e9but de chaque round, l\u2019engagement se fait devant son but, le ballon doit \u00eatre plac\u00e9 au sol et l&#8217;\u00e9quipe adverse se positionne devant son but.<br \/>\n&#8211; Apr\u00e8s un but marqu\u00e9, l\u2019engagement se fait au plus vite. L\u2019\u00e9quipe qui a encaiss\u00e9 le but pose le ballon au sol devant son but et effectue une passe \u00e0 l\u2019\u00e9quipe adverse.<\/p>\n<p><strong>Remise en jeu:<\/strong><br \/>\n&#8211; Une remise en jeu est siffl\u00e9e si le ballon rebondit sur le rebord du terrain et sort.<\/p>\n<p><strong>Fin du match:<\/strong><br \/>\n&#8211; Le match se termine lorsqu\u2019une \u00e9quipe gagne deux rounds ou effectue un petit pont volontaire.<\/p>\n<p><strong>Sanctions :<\/strong><br \/>\n* 1 faute grave ou volontaire = 1 avertissement.<br \/>\n* 2 avertissements = 1 but pour l\u2019\u00e9quipe adverse.<\/p>\n<p><a href=\"https:\/\/i0.wp.com\/octo-ball.com\/wp-content\/uploads\/2024\/10\/2024-10-24-17_12_37-octo-ball-foot-2.pdf-Foxit-PDF-Editor.jpg\"><img data-recalc-dims=\"1\" loading=\"lazy\" decoding=\"async\" data-attachment-id=\"186\" data-permalink=\"https:\/\/www.octo-ball.com\/index.php\/coming-soon\/2024-10-24-17_12_37-octo-ball-foot-2-pdf-foxit-pdf-editor\/\" data-orig-file=\"https:\/\/i0.wp.com\/www.octo-ball.com\/wp-content\/uploads\/2024\/10\/2024-10-24-17_12_37-octo-ball-foot-2.pdf-Foxit-PDF-Editor.jpg?fit=1047%2C836&amp;ssl=1\" data-orig-size=\"1047,836\" data-comments-opened=\"1\" data-image-meta=\"{&quot;aperture&quot;:&quot;0&quot;,&quot;credit&quot;:&quot;&quot;,&quot;camera&quot;:&quot;&quot;,&quot;caption&quot;:&quot;&quot;,&quot;created_timestamp&quot;:&quot;0&quot;,&quot;copyright&quot;:&quot;&quot;,&quot;focal_length&quot;:&quot;0&quot;,&quot;iso&quot;:&quot;0&quot;,&quot;shutter_speed&quot;:&quot;0&quot;,&quot;title&quot;:&quot;&quot;,&quot;orientation&quot;:&quot;0&quot;}\" data-image-title=\"2024-10-24 17_12_37-octo-ball-foot (2).pdf &#8211; Foxit PDF Editor\" data-image-description=\"\" data-image-caption=\"\" data-medium-file=\"https:\/\/i0.wp.com\/www.octo-ball.com\/wp-content\/uploads\/2024\/10\/2024-10-24-17_12_37-octo-ball-foot-2.pdf-Foxit-PDF-Editor.jpg?fit=300%2C240&amp;ssl=1\" data-large-file=\"https:\/\/i0.wp.com\/www.octo-ball.com\/wp-content\/uploads\/2024\/10\/2024-10-24-17_12_37-octo-ball-foot-2.pdf-Foxit-PDF-Editor.jpg?fit=800%2C639&amp;ssl=1\" tabindex=\"0\" role=\"button\" class=\"aligncenter size-large wp-image-186\" src=\"https:\/\/i0.wp.com\/octo-ball.com\/wp-content\/uploads\/2024\/10\/2024-10-24-17_12_37-octo-ball-foot-2.pdf-Foxit-PDF-Editor-1024x818.jpg?resize=800%2C639\" alt=\"\" width=\"800\" height=\"639\" srcset=\"https:\/\/i0.wp.com\/www.octo-ball.com\/wp-content\/uploads\/2024\/10\/2024-10-24-17_12_37-octo-ball-foot-2.pdf-Foxit-PDF-Editor.jpg?resize=1024%2C818&amp;ssl=1 1024w, https:\/\/i0.wp.com\/www.octo-ball.com\/wp-content\/uploads\/2024\/10\/2024-10-24-17_12_37-octo-ball-foot-2.pdf-Foxit-PDF-Editor.jpg?resize=300%2C240&amp;ssl=1 300w, https:\/\/i0.wp.com\/www.octo-ball.com\/wp-content\/uploads\/2024\/10\/2024-10-24-17_12_37-octo-ball-foot-2.pdf-Foxit-PDF-Editor.jpg?resize=768%2C613&amp;ssl=1 768w, https:\/\/i0.wp.com\/www.octo-ball.com\/wp-content\/uploads\/2024\/10\/2024-10-24-17_12_37-octo-ball-foot-2.pdf-Foxit-PDF-Editor.jpg?w=1047&amp;ssl=1 1047w\" sizes=\"auto, (max-width: 800px) 100vw, 800px\" \/><\/a><\/p>\n","protected":false},"excerpt":{"rendered":"<p>Les R\u00e8gles des comp\u00e9titions 1. &#8220;Match&#8221; * Dur\u00e9e des matchs : 3 rounds de 2 minutes chacun. * Victoire instantan\u00e9e : Un petit pont (passage [&#8230;]<\/p>\n","protected":false},"author":1,"featured_media":0,"parent":0,"menu_order":0,"comment_status":"closed","ping_status":"closed","template":"","meta":{"footnotes":""},"class_list":["post-42","page","type-page","status-publish","hentry"],"jetpack_sharing_enabled":true,"_links":{"self":[{"href":"https:\/\/www.octo-ball.com\/index.php\/wp-json\/wp\/v2\/pages\/42","targetHints":{"allow":["GET"]}}],"collection":[{"href":"https:\/\/www.octo-ball.com\/index.php\/wp-json\/wp\/v2\/pages"}],"about":[{"href":"https:\/\/www.octo-ball.com\/index.php\/wp-json\/wp\/v2\/types\/page"}],"author":[{"embeddable":true,"href":"https:\/\/www.octo-ball.com\/index.php\/wp-json\/wp\/v2\/users\/1"}],"replies":[{"embeddable":true,"href":"https:\/\/www.octo-ball.com\/index.php\/wp-json\/wp\/v2\/comments?post=42"}],"version-history":[{"count":18,"href":"https:\/\/www.octo-ball.com\/index.php\/wp-json\/wp\/v2\/pages\/42\/revisions"}],"predecessor-version":[{"id":315,"href":"https:\/\/www.octo-ball.com\/index.php\/wp-json\/wp\/v2\/pages\/42\/revisions\/315"}],"wp:attachment":[{"href":"https:\/\/www.octo-ball.com\/index.php\/wp-json\/wp\/v2\/media?parent=42"}],"curies":[{"name":"wp","href":"https:\/\/api.w.org\/{rel}","templated":true}]}}