{"id":219,"date":"2024-10-28T23:53:28","date_gmt":"2024-10-28T22:53:28","guid":{"rendered":"https:\/\/octo-ball.com\/?page_id=219"},"modified":"2025-03-17T16:33:37","modified_gmt":"2025-03-17T15:33:37","slug":"news","status":"publish","type":"page","link":"https:\/\/www.octo-ball.com\/index.php\/news\/","title":{"rendered":"News"},"content":{"rendered":"<div class=\"wp-block-themezee-magazine-blocks-grid tz-magazine-block \"><div class=\"tz-magazine-grid-columns tz-magazine-grid-columns-2\"><div class=\"tz-post-wrap\"><article id=\"post-1148\" class=\"tz-magazine-post post-1148 post tz-type-post status-publish format-standard has-post-thumbnail hentry category-news\"><figure class=\"tz-entry-image entry-image\"><a href=\"https:\/\/www.octo-ball.com\/index.php\/2026\/02\/14\/le-club-jacques-grima-dantibes-accueille-octoball\/\" rel=\"bookmark\"><img loading=\"lazy\" decoding=\"async\" width=\"695\" height=\"526\" src=\"https:\/\/i0.wp.com\/www.octo-ball.com\/wp-content\/uploads\/2026-02-14-11_18_47-8-Facebook-\u2013-AVG-Secure-Browser.jpg?fit=695%2C526&amp;ssl=1\" class=\"attachment-full size-full wp-post-image\" alt=\"\" data-attachment-id=\"1149\" data-permalink=\"https:\/\/www.octo-ball.com\/index.php\/2026\/02\/14\/le-club-jacques-grima-dantibes-accueille-octoball\/2026-02-14-11_18_47-8-facebook-avg-secure-browser\/\" data-orig-file=\"https:\/\/i0.wp.com\/www.octo-ball.com\/wp-content\/uploads\/2026-02-14-11_18_47-8-Facebook-\u2013-AVG-Secure-Browser.jpg?fit=695%2C526&amp;ssl=1\" data-orig-size=\"695,526\" data-comments-opened=\"1\" data-image-meta=\"{&quot;aperture&quot;:&quot;0&quot;,&quot;credit&quot;:&quot;&quot;,&quot;camera&quot;:&quot;&quot;,&quot;caption&quot;:&quot;&quot;,&quot;created_timestamp&quot;:&quot;0&quot;,&quot;copyright&quot;:&quot;&quot;,&quot;focal_length&quot;:&quot;0&quot;,&quot;iso&quot;:&quot;0&quot;,&quot;shutter_speed&quot;:&quot;0&quot;,&quot;title&quot;:&quot;&quot;,&quot;orientation&quot;:&quot;0&quot;}\" data-image-title=\"2026-02-14 11_18_47-(8) Facebook \u2013 AVG Secure Browser\" data-image-description=\"\" data-image-caption=\"\" data-medium-file=\"https:\/\/i0.wp.com\/www.octo-ball.com\/wp-content\/uploads\/2026-02-14-11_18_47-8-Facebook-\u2013-AVG-Secure-Browser.jpg?fit=300%2C227&amp;ssl=1\" data-large-file=\"https:\/\/i0.wp.com\/www.octo-ball.com\/wp-content\/uploads\/2026-02-14-11_18_47-8-Facebook-\u2013-AVG-Secure-Browser.jpg?fit=695%2C526&amp;ssl=1\" role=\"button\" \/><\/a><\/figure><header class=\"tz-entry-header entry-header\"><div class=\"tz-entry-meta entry-meta\"><span class=\"tz-meta-date meta-date tz-meta-field\"><a href=\"https:\/\/www.octo-ball.com\/index.php\/2026\/02\/14\/le-club-jacques-grima-dantibes-accueille-octoball\/\" title=\"11h39\" rel=\"bookmark\">14 February 2026<\/a><\/span><span class=\"tz-meta-author meta-author tz-meta-field author vcard\"><a class=\"url fn n\" href=\"https:\/\/www.octo-ball.com\/index.php\/author\/gommendy\/\" title=\"View all posts by Framboise Gommendy\" rel=\"author\">Framboise Gommendy<\/a><\/span><\/div><h2 class=\"tz-entry-title entry-title\"><a href=\"https:\/\/www.octo-ball.com\/index.php\/2026\/02\/14\/le-club-jacques-grima-dantibes-accueille-octoball\/\" rel=\"bookmark\">Le Club Jacques Grima d&#8217;Antibes accueille Octoball<\/a><\/h2><\/header><div class=\"tz-entry-content entry-content\"><p>Le soleil n&#039;est peut-\u00eatre pas au rendez-vous, mais notre infatigable Pr\u00e9sident Nicolas Fabre \u00e9tait sur place pour installer deux courts d&#039;Octoball avant un match international de <span class=\"tz-excerpt-more\">[&hellip;]<\/span><\/p><\/div><\/article><\/div><div class=\"tz-post-wrap\"><article id=\"post-1032\" class=\"tz-magazine-post post-1032 post tz-type-post status-publish format-standard has-post-thumbnail hentry category-news\"><figure class=\"tz-entry-image entry-image\"><a href=\"https:\/\/www.octo-ball.com\/index.php\/2025\/11\/26\/suisse-geneve-une-belle-soiree\/\" rel=\"bookmark\"><img loading=\"lazy\" decoding=\"async\" width=\"2048\" height=\"1536\" src=\"https:\/\/i0.wp.com\/www.octo-ball.com\/wp-content\/uploads\/3f42a650-bcf6-49a5-b070-bad43e164be3.jpeg?fit=2048%2C1536&amp;ssl=1\" class=\"attachment-full size-full wp-post-image\" alt=\"\" data-attachment-id=\"1048\" data-permalink=\"https:\/\/www.octo-ball.com\/index.php\/2025\/11\/26\/suisse-geneve-une-belle-soiree\/3f42a650-bcf6-49a5-b070-bad43e164be3\/\" data-orig-file=\"https:\/\/i0.wp.com\/www.octo-ball.com\/wp-content\/uploads\/3f42a650-bcf6-49a5-b070-bad43e164be3.jpeg?fit=2048%2C1536&amp;ssl=1\" data-orig-size=\"2048,1536\" data-comments-opened=\"1\" data-image-meta=\"{&quot;aperture&quot;:&quot;0&quot;,&quot;credit&quot;:&quot;&quot;,&quot;camera&quot;:&quot;&quot;,&quot;caption&quot;:&quot;&quot;,&quot;created_timestamp&quot;:&quot;0&quot;,&quot;copyright&quot;:&quot;&quot;,&quot;focal_length&quot;:&quot;0&quot;,&quot;iso&quot;:&quot;0&quot;,&quot;shutter_speed&quot;:&quot;0&quot;,&quot;title&quot;:&quot;&quot;,&quot;orientation&quot;:&quot;0&quot;}\" data-image-title=\"3f42a650-bcf6-49a5-b070-bad43e164be3\" data-image-description=\"\" data-image-caption=\"\" data-medium-file=\"https:\/\/i0.wp.com\/www.octo-ball.com\/wp-content\/uploads\/3f42a650-bcf6-49a5-b070-bad43e164be3.jpeg?fit=300%2C225&amp;ssl=1\" data-large-file=\"https:\/\/i0.wp.com\/www.octo-ball.com\/wp-content\/uploads\/3f42a650-bcf6-49a5-b070-bad43e164be3.jpeg?fit=800%2C600&amp;ssl=1\" role=\"button\" \/><\/a><\/figure><header class=\"tz-entry-header entry-header\"><div class=\"tz-entry-meta entry-meta\"><span class=\"tz-meta-date meta-date tz-meta-field\"><a href=\"https:\/\/www.octo-ball.com\/index.php\/2025\/11\/26\/suisse-geneve-une-belle-soiree\/\" title=\"18h01\" rel=\"bookmark\">26 November 2025<\/a><\/span><span class=\"tz-meta-author meta-author tz-meta-field author vcard\"><a class=\"url fn n\" href=\"https:\/\/www.octo-ball.com\/index.php\/author\/gommendy\/\" title=\"View all posts by Framboise Gommendy\" rel=\"author\">Framboise Gommendy<\/a><\/span><\/div><h2 class=\"tz-entry-title entry-title\"><a href=\"https:\/\/www.octo-ball.com\/index.php\/2025\/11\/26\/suisse-geneve-une-belle-soiree\/\" rel=\"bookmark\">Suisse, Gen\u00e8ve&#8230; Une belle soir\u00e9e&#8230;.<\/a><\/h2><\/header><div class=\"tz-entry-content entry-content\"><p>PlaySports pr\u00e9sente l\u2019Octoball au gala du Centenaire de l\u2019AGFC (Association Genevoise de Football Corporatif) \u00e0 Gen\u00e8ve&#8230; <span class=\"tz-excerpt-more\">[&hellip;]<\/span><\/p><\/div><\/article><\/div><div class=\"tz-post-wrap\"><article id=\"post-823\" class=\"tz-magazine-post post-823 post tz-type-post status-publish format-standard has-post-thumbnail hentry category-news tag-beausoleil tag-gerard-destefanis tag-nicolas-fabre\"><figure class=\"tz-entry-image entry-image\"><a href=\"https:\/\/www.octo-ball.com\/index.php\/2025\/07\/14\/beausoleil-nous-sommes-de-retour\/\" rel=\"bookmark\"><img loading=\"lazy\" decoding=\"async\" width=\"1600\" height=\"978\" src=\"https:\/\/i0.wp.com\/www.octo-ball.com\/wp-content\/uploads\/2025\/07\/b892bfea-4e20-443e-8b71-db1e013945a8.jpeg?fit=1600%2C978&amp;ssl=1\" class=\"attachment-full size-full wp-post-image\" alt=\"\" data-attachment-id=\"824\" data-permalink=\"https:\/\/www.octo-ball.com\/index.php\/2025\/07\/14\/beausoleil-nous-sommes-de-retour\/b892bfea-4e20-443e-8b71-db1e013945a8\/\" data-orig-file=\"https:\/\/i0.wp.com\/www.octo-ball.com\/wp-content\/uploads\/2025\/07\/b892bfea-4e20-443e-8b71-db1e013945a8.jpeg?fit=1600%2C978&amp;ssl=1\" data-orig-size=\"1600,978\" data-comments-opened=\"1\" data-image-meta=\"{&quot;aperture&quot;:&quot;0&quot;,&quot;credit&quot;:&quot;&quot;,&quot;camera&quot;:&quot;&quot;,&quot;caption&quot;:&quot;&quot;,&quot;created_timestamp&quot;:&quot;0&quot;,&quot;copyright&quot;:&quot;&quot;,&quot;focal_length&quot;:&quot;0&quot;,&quot;iso&quot;:&quot;0&quot;,&quot;shutter_speed&quot;:&quot;0&quot;,&quot;title&quot;:&quot;&quot;,&quot;orientation&quot;:&quot;0&quot;}\" data-image-title=\"b892bfea-4e20-443e-8b71-db1e013945a8\" data-image-description=\"\" data-image-caption=\"\" data-medium-file=\"https:\/\/i0.wp.com\/www.octo-ball.com\/wp-content\/uploads\/2025\/07\/b892bfea-4e20-443e-8b71-db1e013945a8.jpeg?fit=300%2C183&amp;ssl=1\" data-large-file=\"https:\/\/i0.wp.com\/www.octo-ball.com\/wp-content\/uploads\/2025\/07\/b892bfea-4e20-443e-8b71-db1e013945a8.jpeg?fit=800%2C489&amp;ssl=1\" role=\"button\" \/><\/a><\/figure><header class=\"tz-entry-header entry-header\"><div class=\"tz-entry-meta entry-meta\"><span class=\"tz-meta-date meta-date tz-meta-field\"><a href=\"https:\/\/www.octo-ball.com\/index.php\/2025\/07\/14\/beausoleil-nous-sommes-de-retour\/\" title=\"20h40\" rel=\"bookmark\">14 July 2025<\/a><\/span><span class=\"tz-meta-author meta-author tz-meta-field author vcard\"><a class=\"url fn n\" href=\"https:\/\/www.octo-ball.com\/index.php\/author\/gommendy\/\" title=\"View all posts by Framboise Gommendy\" rel=\"author\">Framboise Gommendy<\/a><\/span><\/div><h2 class=\"tz-entry-title entry-title\"><a href=\"https:\/\/www.octo-ball.com\/index.php\/2025\/07\/14\/beausoleil-nous-sommes-de-retour\/\" rel=\"bookmark\">Beausoleil, nous sommes de RETOUR!<\/a><\/h2><\/header><div class=\"tz-entry-content entry-content\"><p>Le court avait \u00e9t\u00e9 install\u00e9 sur le terrain de football synth\u00e9tique\u00a0 pour une d\u00e9monstration exceptionnelle !&#8230; <span class=\"tz-excerpt-more\">[&hellip;]<\/span><\/p><\/div><\/article><\/div><div class=\"tz-post-wrap\"><article id=\"post-811\" class=\"tz-magazine-post post-811 post tz-type-post status-publish format-standard has-post-thumbnail hentry category-news tag-leucate tag-plage tag-sable tag-ufolep\"><figure class=\"tz-entry-image entry-image\"><a href=\"https:\/\/www.octo-ball.com\/index.php\/2025\/07\/11\/octoball-a-la-plage\/\" rel=\"bookmark\"><img loading=\"lazy\" decoding=\"async\" width=\"889\" height=\"741\" src=\"https:\/\/i0.wp.com\/www.octo-ball.com\/wp-content\/uploads\/2025\/07\/2025-07-11-21_11_08-82785d3a-c2d9-4143-b542-6f27a21097cf.jpeg-FastStone-Image-Viewer-8.0.jpg?fit=889%2C741&amp;ssl=1\" class=\"attachment-full size-full wp-post-image\" alt=\"\" data-attachment-id=\"814\" data-permalink=\"https:\/\/www.octo-ball.com\/index.php\/2025\/07\/11\/octoball-a-la-plage\/2025-07-11-21_11_08-82785d3a-c2d9-4143-b542-6f27a21097cf-jpeg-faststone-image-viewer-8-0\/\" data-orig-file=\"https:\/\/i0.wp.com\/www.octo-ball.com\/wp-content\/uploads\/2025\/07\/2025-07-11-21_11_08-82785d3a-c2d9-4143-b542-6f27a21097cf.jpeg-FastStone-Image-Viewer-8.0.jpg?fit=889%2C741&amp;ssl=1\" data-orig-size=\"889,741\" data-comments-opened=\"1\" data-image-meta=\"{&quot;aperture&quot;:&quot;0&quot;,&quot;credit&quot;:&quot;&quot;,&quot;camera&quot;:&quot;&quot;,&quot;caption&quot;:&quot;&quot;,&quot;created_timestamp&quot;:&quot;0&quot;,&quot;copyright&quot;:&quot;&quot;,&quot;focal_length&quot;:&quot;0&quot;,&quot;iso&quot;:&quot;0&quot;,&quot;shutter_speed&quot;:&quot;0&quot;,&quot;title&quot;:&quot;&quot;,&quot;orientation&quot;:&quot;0&quot;}\" data-image-title=\"2025-07-11 21_11_08-82785d3a-c2d9-4143-b542-6f27a21097cf.jpeg &#8211; FastStone Image Viewer 8.0\" data-image-description=\"\" data-image-caption=\"\" data-medium-file=\"https:\/\/i0.wp.com\/www.octo-ball.com\/wp-content\/uploads\/2025\/07\/2025-07-11-21_11_08-82785d3a-c2d9-4143-b542-6f27a21097cf.jpeg-FastStone-Image-Viewer-8.0.jpg?fit=300%2C250&amp;ssl=1\" data-large-file=\"https:\/\/i0.wp.com\/www.octo-ball.com\/wp-content\/uploads\/2025\/07\/2025-07-11-21_11_08-82785d3a-c2d9-4143-b542-6f27a21097cf.jpeg-FastStone-Image-Viewer-8.0.jpg?fit=800%2C667&amp;ssl=1\" role=\"button\" \/><\/a><\/figure><header class=\"tz-entry-header entry-header\"><div class=\"tz-entry-meta entry-meta\"><span class=\"tz-meta-date meta-date tz-meta-field\"><a href=\"https:\/\/www.octo-ball.com\/index.php\/2025\/07\/11\/octoball-a-la-plage\/\" title=\"21h09\" rel=\"bookmark\">11 July 2025<\/a><\/span><span class=\"tz-meta-author meta-author tz-meta-field author vcard\"><a class=\"url fn n\" href=\"https:\/\/www.octo-ball.com\/index.php\/author\/gommendy\/\" title=\"View all posts by Framboise Gommendy\" rel=\"author\">Framboise Gommendy<\/a><\/span><\/div><h2 class=\"tz-entry-title entry-title\"><a href=\"https:\/\/www.octo-ball.com\/index.php\/2025\/07\/11\/octoball-a-la-plage\/\" rel=\"bookmark\">Octoball \u00e0 la PLAGE!<\/a><\/h2><\/header><div class=\"tz-entry-content entry-content\"><p>Une ambiance incroyable sur l&#039;\u00e9tape Playa Tour #UFOLEP \u00e0 Leucate avec une initiation Octoball pleine d&#039;\u00e9nergie !&#8230; <span class=\"tz-excerpt-more\">[&hellip;]<\/span><\/p><\/div><\/article><\/div><div class=\"tz-post-wrap\"><article id=\"post-684\" class=\"tz-magazine-post post-684 post tz-type-post status-publish format-standard has-post-thumbnail hentry category-news\"><figure class=\"tz-entry-image entry-image\"><a href=\"https:\/\/www.octo-ball.com\/index.php\/2025\/06\/16\/loctoball-entre-en-suisse\/\" rel=\"bookmark\"><img loading=\"lazy\" decoding=\"async\" width=\"1600\" height=\"1196\" src=\"https:\/\/i0.wp.com\/www.octo-ball.com\/wp-content\/uploads\/2025\/06\/c9d65d2f-6f80-408c-a2d8-809c9bc31614.jpeg?fit=1600%2C1196&amp;ssl=1\" class=\"attachment-full size-full wp-post-image\" alt=\"\" data-attachment-id=\"685\" data-permalink=\"https:\/\/www.octo-ball.com\/index.php\/2025\/06\/16\/loctoball-entre-en-suisse\/c9d65d2f-6f80-408c-a2d8-809c9bc31614\/\" data-orig-file=\"https:\/\/i0.wp.com\/www.octo-ball.com\/wp-content\/uploads\/2025\/06\/c9d65d2f-6f80-408c-a2d8-809c9bc31614.jpeg?fit=1600%2C1196&amp;ssl=1\" data-orig-size=\"1600,1196\" data-comments-opened=\"1\" data-image-meta=\"{&quot;aperture&quot;:&quot;0&quot;,&quot;credit&quot;:&quot;&quot;,&quot;camera&quot;:&quot;&quot;,&quot;caption&quot;:&quot;&quot;,&quot;created_timestamp&quot;:&quot;0&quot;,&quot;copyright&quot;:&quot;&quot;,&quot;focal_length&quot;:&quot;0&quot;,&quot;iso&quot;:&quot;0&quot;,&quot;shutter_speed&quot;:&quot;0&quot;,&quot;title&quot;:&quot;&quot;,&quot;orientation&quot;:&quot;0&quot;}\" data-image-title=\"c9d65d2f-6f80-408c-a2d8-809c9bc31614\" data-image-description=\"\" data-image-caption=\"\" data-medium-file=\"https:\/\/i0.wp.com\/www.octo-ball.com\/wp-content\/uploads\/2025\/06\/c9d65d2f-6f80-408c-a2d8-809c9bc31614.jpeg?fit=300%2C224&amp;ssl=1\" data-large-file=\"https:\/\/i0.wp.com\/www.octo-ball.com\/wp-content\/uploads\/2025\/06\/c9d65d2f-6f80-408c-a2d8-809c9bc31614.jpeg?fit=800%2C598&amp;ssl=1\" role=\"button\" \/><\/a><\/figure><header class=\"tz-entry-header entry-header\"><div class=\"tz-entry-meta entry-meta\"><span class=\"tz-meta-date meta-date tz-meta-field\"><a href=\"https:\/\/www.octo-ball.com\/index.php\/2025\/06\/16\/loctoball-entre-en-suisse\/\" title=\"19h05\" rel=\"bookmark\">16 June 2025<\/a><\/span><span class=\"tz-meta-author meta-author tz-meta-field author vcard\"><a class=\"url fn n\" href=\"https:\/\/www.octo-ball.com\/index.php\/author\/gommendy\/\" title=\"View all posts by Framboise Gommendy\" rel=\"author\">Framboise Gommendy<\/a><\/span><\/div><h2 class=\"tz-entry-title entry-title\"><a href=\"https:\/\/www.octo-ball.com\/index.php\/2025\/06\/16\/loctoball-entre-en-suisse\/\" rel=\"bookmark\">L\u2019Octoball entre en Suisse!<\/a><\/h2><\/header><div class=\"tz-entry-content entry-content\"><p>Une premi\u00e8re officielle \u00e0 Gen\u00e8ve lors du tournoi du Lancy FC, organis\u00e9 au Stade de Florimont! <span class=\"tz-excerpt-more\">[&hellip;]<\/span><\/p><\/div><\/article><\/div><div class=\"tz-post-wrap\"><article id=\"post-462\" class=\"tz-magazine-post post-462 post tz-type-post status-publish format-standard has-post-thumbnail hentry category-news tag-clairefontaine\"><figure class=\"tz-entry-image entry-image\"><a href=\"https:\/\/www.octo-ball.com\/index.php\/2025\/03\/15\/octoball-a-clairefontaine\/\" rel=\"bookmark\"><img loading=\"lazy\" decoding=\"async\" width=\"1440\" height=\"1098\" src=\"https:\/\/i0.wp.com\/www.octo-ball.com\/wp-content\/uploads\/2025\/03\/484481940_18059473289106037_7477850556804923914_n.jpg?fit=1440%2C1098&amp;ssl=1\" class=\"attachment-full size-full wp-post-image\" alt=\"\" data-attachment-id=\"463\" data-permalink=\"https:\/\/www.octo-ball.com\/index.php\/2025\/03\/15\/octoball-a-clairefontaine\/484481940_18059473289106037_7477850556804923914_n\/\" data-orig-file=\"https:\/\/i0.wp.com\/www.octo-ball.com\/wp-content\/uploads\/2025\/03\/484481940_18059473289106037_7477850556804923914_n.jpg?fit=1440%2C1098&amp;ssl=1\" data-orig-size=\"1440,1098\" data-comments-opened=\"1\" data-image-meta=\"{&quot;aperture&quot;:&quot;0&quot;,&quot;credit&quot;:&quot;&quot;,&quot;camera&quot;:&quot;&quot;,&quot;caption&quot;:&quot;&quot;,&quot;created_timestamp&quot;:&quot;0&quot;,&quot;copyright&quot;:&quot;&quot;,&quot;focal_length&quot;:&quot;0&quot;,&quot;iso&quot;:&quot;0&quot;,&quot;shutter_speed&quot;:&quot;0&quot;,&quot;title&quot;:&quot;&quot;,&quot;orientation&quot;:&quot;0&quot;}\" data-image-title=\"484481940_18059473289106037_7477850556804923914_n\" data-image-description=\"\" data-image-caption=\"\" data-medium-file=\"https:\/\/i0.wp.com\/www.octo-ball.com\/wp-content\/uploads\/2025\/03\/484481940_18059473289106037_7477850556804923914_n.jpg?fit=300%2C229&amp;ssl=1\" data-large-file=\"https:\/\/i0.wp.com\/www.octo-ball.com\/wp-content\/uploads\/2025\/03\/484481940_18059473289106037_7477850556804923914_n.jpg?fit=800%2C610&amp;ssl=1\" role=\"button\" \/><\/a><\/figure><header class=\"tz-entry-header entry-header\"><div class=\"tz-entry-meta entry-meta\"><span class=\"tz-meta-date meta-date tz-meta-field\"><a href=\"https:\/\/www.octo-ball.com\/index.php\/2025\/03\/15\/octoball-a-clairefontaine\/\" title=\"22h03\" rel=\"bookmark\">15 March 2025<\/a><\/span><span class=\"tz-meta-author meta-author tz-meta-field author vcard\"><a class=\"url fn n\" href=\"https:\/\/www.octo-ball.com\/index.php\/author\/gommendy\/\" title=\"View all posts by Framboise Gommendy\" rel=\"author\">Framboise Gommendy<\/a><\/span><\/div><h2 class=\"tz-entry-title entry-title\"><a href=\"https:\/\/www.octo-ball.com\/index.php\/2025\/03\/15\/octoball-a-clairefontaine\/\" rel=\"bookmark\">Octoball \u00e0 Clairefontaine!<\/a><\/h2><\/header><div class=\"tz-entry-content entry-content\"><p>46 participants venus de toute la France&#8230; <span class=\"tz-excerpt-more\">[&hellip;]<\/span><\/p><\/div><\/article><\/div><\/div><\/div>\r\n\r\n","protected":false},"excerpt":{"rendered":"","protected":false},"author":2,"featured_media":0,"parent":0,"menu_order":0,"comment_status":"closed","ping_status":"closed","template":"","meta":{"footnotes":""},"class_list":["post-219","page","type-page","status-publish","hentry"],"jetpack_sharing_enabled":true,"_links":{"self":[{"href":"https:\/\/www.octo-ball.com\/index.php\/wp-json\/wp\/v2\/pages\/219","targetHints":{"allow":["GET"]}}],"collection":[{"href":"https:\/\/www.octo-ball.com\/index.php\/wp-json\/wp\/v2\/pages"}],"about":[{"href":"https:\/\/www.octo-ball.com\/index.php\/wp-json\/wp\/v2\/types\/page"}],"author":[{"embeddable":true,"href":"https:\/\/www.octo-ball.com\/index.php\/wp-json\/wp\/v2\/users\/2"}],"replies":[{"embeddable":true,"href":"https:\/\/www.octo-ball.com\/index.php\/wp-json\/wp\/v2\/comments?post=219"}],"version-history":[{"count":8,"href":"https:\/\/www.octo-ball.com\/index.php\/wp-json\/wp\/v2\/pages\/219\/revisions"}],"predecessor-version":[{"id":475,"href":"https:\/\/www.octo-ball.com\/index.php\/wp-json\/wp\/v2\/pages\/219\/revisions\/475"}],"wp:attachment":[{"href":"https:\/\/www.octo-ball.com\/index.php\/wp-json\/wp\/v2\/media?parent=219"}],"curies":[{"name":"wp","href":"https:\/\/api.w.org\/{rel}","templated":true}]}}